{"id":1523,"date":"2016-03-01T07:26:26","date_gmt":"2016-03-01T07:26:26","guid":{"rendered":"https:\/\/dev-grillo.wpbox.top\/?page_id=1523&#038;lang=zh-hans"},"modified":"2023-04-09T10:53:26","modified_gmt":"2023-04-09T14:53:26","slug":"%e4%b8%9a%e5%8a%a1%e8%8c%83%e5%9b%b4","status":"publish","type":"page","link":"https:\/\/dev-grillo.wpbox.top\/zh-hans\/%e4%b8%9a%e5%8a%a1%e8%8c%83%e5%9b%b4\/","title":{"rendered":"\u00e4\u00b8\u0161\u00e5\u0160\u00a1\u00e8\u0152\u0192\u00e5\u203a\u00b4"},"content":{"rendered":"","protected":false},"excerpt":{"rendered":"","protected":false},"author":8,"featured_media":0,"parent":0,"menu_order":0,"comment_status":"closed","ping_status":"closed","template":"reorder.php","meta":{"inline_featured_image":false},"yoast_head":"<!-- This site is optimized with the Yoast SEO plugin v17.5 - https:\/\/yoast.com\/wordpress\/plugins\/seo\/ -->\n<title>\u00e4\u00b8\u0161\u00e5\u0160\u00a1\u00e8\u0152\u0192\u00e5\u203a\u00b4 - Grillo Law Personal Injury Lawyers<\/title>\n<meta name=\"description\" content=\"\u00e6\u02c6\u2018\u00e4\u00bb\u00ac\u00e7\u0161\u201e\u00e7\u00bb\u008f\u00e9\u00aa\u0152\u00e4\u00b8\u00b0\u00e5\u00af\u0152\u00e7\u0161\u201e\u00e4\u00b8\u201c\u00e4\u00b8\u0161\u00e8\u00af\u2030\u00e8\u00ae\u00bc\u00e5\u00be\u2039\u00e5\u00b8\u02c6\u00e5\u203a\u00a2\u00e9\u02dc\u0178\u00ef\u00bc\u0152\u00e7\u00a6\u008f\u00e5\u02c6\u00a9\u00e8\u00b5\u201d\u00e5\u0081\u00bf\u00e4\u00b8\u201c\u00e5\u00ae\u00b6\u00e5\u2019\u0152\u00e5\u2026\u00b6\u00e5\u00ae\u0192\u00e4\u00b8\u201c\u00e4\u00b8\u0161\u00e5\u2018\u02dc\u00e5\u00b7\u00a5\u00e9\u0192\u00bd\u00e8\u2021\u00b4\u00e5\u0160\u203a\u00e7\u00a1\u00ae\u00e4\u00bf\u009d\u00e6\u201a\u00a8\u00e5\u00be\u2014\u00e5\u02c6\u00b0\u00e6\u0153\u20ac\u00e9\u00ab\u02dc\u00e7\u0161\u201e\u00e6\u0153\u008d\u00e5\u0160\u00a1\u00e8\u00b4\u00a8\u00e9\u2021\u008f\u00e5\u2019\u0152\u00e6\u0153\u20ac\u00e5\u00a4\u00a7\u00e7\u0161\u201e\u00e5\u00ba\u201d\u00e5\u00be\u2014\u00e8\u00b5\u201d\u00e5\u0081\u00bf \u00e5\u00a6\u201a\u00e6\u017e\u0153\u00e4\u00bd\u00a0\u00e5\u0153\u00a8\u00e4\u00ba\u2039\u00e6\u2022\u2026\u00e4\u00b8\u00ad\u00e5\u008f\u2014\u00e4\u00bc\u00a4\u00ef\u00bc\u0152\u00e9\u20ac\u2030\u00e6\u2039\u00a9\u00e4\u00b8\u20ac\u00e5\u00ae\u00b6\u00e4\u00bf\u00a1\u00e8\u00aa\u2030\u00e5\u008f\u00af\u00e9\u009d\u00a0\u00e7\u0161\u201e\u00e5\u00be\u2039\u00e5\u00b8\u02c6\u00e4\u00ba\u2039\u00e5\u0160\u00a1\u00e6\u2030\u20ac\u00e6\u02dc\u00af\u00e9\u009d\u017e\u00e5\u00b8\u00b8\u00e9\u2021\u008d\u00e8\u00a6\u0081\u00e3\u20ac\u201a\u00e8\u0081\u201d\u00e7\u00bb\u0153\u00e6\u02c6\u2018\u00e4\u00bb\u00ac\u00e7\u0161\u201e\u00e8\u00b5\u201e\u00e6\u00b7\u00b1\u00e5\u00be\u2039\u00e5\u00b8\u02c6\u00e5\u203a\u00a2\u00e9\u02dc\u0178\u00ef\u00bc\u0152\u00e8\u00ae\u00b0\u00e4\u00bd\u008f\u00ef\u00bc\u0152\u00e4\u00bd\u00a0\u00e6\u00b0\u00b8\u00e8\u00bf\u0153\u00e4\u00b8\u008d\u00e6\u201d\u00af\u00e4\u00bb\u02dc\u00e4\u00bb\u00bb\u00e4\u00bd\u2022\u00e8\u00b4\u00b9\u00e7\u201d\u00a8\u00ef\u00bc\u0152\u00e9\u2122\u00a4\u00e9\u009d\u017e\u00e6\u02c6\u2018\u00e4\u00bb\u00ac\u00e6\u201d\u00b6\u00e5\u203a\u017e\u00e7\u0161\u201e\u00e9\u2019\u00b1\u00e7\u00bb\u2122\u00e4\u00bd\u00a0\u00e3\u20ac\u201a\u00e6\u201a\u00a8\u00e7\u0161\u201e\u00e9\u0153\u20ac\u00e6\u00b1\u201a\u00e6\u02dc\u00af\u00e6\u02c6\u2018\u00e4\u00bb\u00ac\u00e7\u0161\u201e\u00e9\u00a6\u2013\u00e8\u00a6\u0081\u00e4\u00bb\u00bb\u00e5\u0160\u00a1\u00e3\u20ac\u201a\" \/>\n<meta name=\"robots\" content=\"index, follow, max-snippet:-1, max-image-preview:large, max-video-preview:-1\" \/>\n<link rel=\"canonical\" href=\"https:\/\/dev-grillo.wpbox.top\/zh-hans\/\u4e1a\u52a1\u8303\u56f4\/\" \/>\n<meta property=\"og:locale\" content=\"zh_CN\" \/>\n<meta property=\"og:type\" content=\"article\" \/>\n<meta property=\"og:title\" content=\"\u00e4\u00b8\u0161\u00e5\u0160\u00a1\u00e8\u0152\u0192\u00e5\u203a\u00b4 - Grillo Law Personal Injury Lawyers\" \/>\n<meta property=\"og:description\" content=\"\u00e6\u02c6\u2018\u00e4\u00bb\u00ac\u00e7\u0161\u201e\u00e7\u00bb\u008f\u00e9\u00aa\u0152\u00e4\u00b8\u00b0\u00e5\u00af\u0152\u00e7\u0161\u201e\u00e4\u00b8\u201c\u00e4\u00b8\u0161\u00e8\u00af\u2030\u00e8\u00ae\u00bc\u00e5\u00be\u2039\u00e5\u00b8\u02c6\u00e5\u203a\u00a2\u00e9\u02dc\u0178\u00ef\u00bc\u0152\u00e7\u00a6\u008f\u00e5\u02c6\u00a9\u00e8\u00b5\u201d\u00e5\u0081\u00bf\u00e4\u00b8\u201c\u00e5\u00ae\u00b6\u00e5\u2019\u0152\u00e5\u2026\u00b6\u00e5\u00ae\u0192\u00e4\u00b8\u201c\u00e4\u00b8\u0161\u00e5\u2018\u02dc\u00e5\u00b7\u00a5\u00e9\u0192\u00bd\u00e8\u2021\u00b4\u00e5\u0160\u203a\u00e7\u00a1\u00ae\u00e4\u00bf\u009d\u00e6\u201a\u00a8\u00e5\u00be\u2014\u00e5\u02c6\u00b0\u00e6\u0153\u20ac\u00e9\u00ab\u02dc\u00e7\u0161\u201e\u00e6\u0153\u008d\u00e5\u0160\u00a1\u00e8\u00b4\u00a8\u00e9\u2021\u008f\u00e5\u2019\u0152\u00e6\u0153\u20ac\u00e5\u00a4\u00a7\u00e7\u0161\u201e\u00e5\u00ba\u201d\u00e5\u00be\u2014\u00e8\u00b5\u201d\u00e5\u0081\u00bf \u00e5\u00a6\u201a\u00e6\u017e\u0153\u00e4\u00bd\u00a0\u00e5\u0153\u00a8\u00e4\u00ba\u2039\u00e6\u2022\u2026\u00e4\u00b8\u00ad\u00e5\u008f\u2014\u00e4\u00bc\u00a4\u00ef\u00bc\u0152\u00e9\u20ac\u2030\u00e6\u2039\u00a9\u00e4\u00b8\u20ac\u00e5\u00ae\u00b6\u00e4\u00bf\u00a1\u00e8\u00aa\u2030\u00e5\u008f\u00af\u00e9\u009d\u00a0\u00e7\u0161\u201e\u00e5\u00be\u2039\u00e5\u00b8\u02c6\u00e4\u00ba\u2039\u00e5\u0160\u00a1\u00e6\u2030\u20ac\u00e6\u02dc\u00af\u00e9\u009d\u017e\u00e5\u00b8\u00b8\u00e9\u2021\u008d\u00e8\u00a6\u0081\u00e3\u20ac\u201a\u00e8\u0081\u201d\u00e7\u00bb\u0153\u00e6\u02c6\u2018\u00e4\u00bb\u00ac\u00e7\u0161\u201e\u00e8\u00b5\u201e\u00e6\u00b7\u00b1\u00e5\u00be\u2039\u00e5\u00b8\u02c6\u00e5\u203a\u00a2\u00e9\u02dc\u0178\u00ef\u00bc\u0152\u00e8\u00ae\u00b0\u00e4\u00bd\u008f\u00ef\u00bc\u0152\u00e4\u00bd\u00a0\u00e6\u00b0\u00b8\u00e8\u00bf\u0153\u00e4\u00b8\u008d\u00e6\u201d\u00af\u00e4\u00bb\u02dc\u00e4\u00bb\u00bb\u00e4\u00bd\u2022\u00e8\u00b4\u00b9\u00e7\u201d\u00a8\u00ef\u00bc\u0152\u00e9\u2122\u00a4\u00e9\u009d\u017e\u00e6\u02c6\u2018\u00e4\u00bb\u00ac\u00e6\u201d\u00b6\u00e5\u203a\u017e\u00e7\u0161\u201e\u00e9\u2019\u00b1\u00e7\u00bb\u2122\u00e4\u00bd\u00a0\u00e3\u20ac\u201a\u00e6\u201a\u00a8\u00e7\u0161\u201e\u00e9\u0153\u20ac\u00e6\u00b1\u201a\u00e6\u02dc\u00af\u00e6\u02c6\u2018\u00e4\u00bb\u00ac\u00e7\u0161\u201e\u00e9\u00a6\u2013\u00e8\u00a6\u0081\u00e4\u00bb\u00bb\u00e5\u0160\u00a1\u00e3\u20ac\u201a\" \/>\n<meta property=\"og:url\" content=\"https:\/\/dev-grillo.wpbox.top\/zh-hans\/\u4e1a\u52a1\u8303\u56f4\/\" \/>\n<meta property=\"og:site_name\" content=\"Grillo Law Personal Injury Lawyers\" \/>\n<meta property=\"article:publisher\" content=\"https:\/\/www.facebook.com\/GrilloBarristers\/\" \/>\n<meta property=\"article:modified_time\" content=\"2023-04-09T14:53:26+00:00\" \/>\n<meta name=\"twitter:card\" content=\"summary\" \/>\n<meta name=\"twitter:site\" content=\"@GrilloPC\" \/>\n<script type=\"application\/ld+json\" class=\"yoast-schema-graph\">{\"@context\":\"https:\/\/schema.org\",\"@graph\":[{\"@type\":\"WebSite\",\"@id\":\"https:\/\/dev-grillo.wpbox.top\/zh-hans\/#website\",\"url\":\"https:\/\/dev-grillo.wpbox.top\/zh-hans\/\",\"name\":\"Grillo Law Personal Injury Lawyers\",\"description\":\"Grillo Law Personal Injury Lawyers\",\"potentialAction\":[{\"@type\":\"SearchAction\",\"target\":{\"@type\":\"EntryPoint\",\"urlTemplate\":\"https:\/\/dev-grillo.wpbox.top\/zh-hans\/?s={search_term_string}\"},\"query-input\":\"required name=search_term_string\"}],\"inLanguage\":\"zh-CN\"},{\"@type\":\"WebPage\",\"@id\":\"https:\/\/dev-grillo.wpbox.top\/zh-hans\/%e4%b8%9a%e5%8a%a1%e8%8c%83%e5%9b%b4\/#webpage\",\"url\":\"https:\/\/dev-grillo.wpbox.top\/zh-hans\/%e4%b8%9a%e5%8a%a1%e8%8c%83%e5%9b%b4\/\",\"name\":\"\\u00e4\\u00b8\\u0161\\u00e5\\u0160\\u00a1\\u00e8\\u0152\\u0192\\u00e5\\u203a\\u00b4 - Grillo Law Personal Injury Lawyers\",\"isPartOf\":{\"@id\":\"https:\/\/dev-grillo.wpbox.top\/zh-hans\/#website\"},\"datePublished\":\"2016-03-01T07:26:26+00:00\",\"dateModified\":\"2023-04-09T14:53:26+00:00\",\"description\":\"\\u00e6\\u02c6\\u2018\\u00e4\\u00bb\\u00ac\\u00e7\\u0161\\u201e\\u00e7\\u00bb\\u008f\\u00e9\\u00aa\\u0152\\u00e4\\u00b8\\u00b0\\u00e5\\u00af\\u0152\\u00e7\\u0161\\u201e\\u00e4\\u00b8\\u201c\\u00e4\\u00b8\\u0161\\u00e8\\u00af\\u2030\\u00e8\\u00ae\\u00bc\\u00e5\\u00be\\u2039\\u00e5\\u00b8\\u02c6\\u00e5\\u203a\\u00a2\\u00e9\\u02dc\\u0178\\u00ef\\u00bc\\u0152\\u00e7\\u00a6\\u008f\\u00e5\\u02c6\\u00a9\\u00e8\\u00b5\\u201d\\u00e5\\u0081\\u00bf\\u00e4\\u00b8\\u201c\\u00e5\\u00ae\\u00b6\\u00e5\\u2019\\u0152\\u00e5\\u2026\\u00b6\\u00e5\\u00ae\\u0192\\u00e4\\u00b8\\u201c\\u00e4\\u00b8\\u0161\\u00e5\\u2018\\u02dc\\u00e5\\u00b7\\u00a5\\u00e9\\u0192\\u00bd\\u00e8\\u2021\\u00b4\\u00e5\\u0160\\u203a\\u00e7\\u00a1\\u00ae\\u00e4\\u00bf\\u009d\\u00e6\\u201a\\u00a8\\u00e5\\u00be\\u2014\\u00e5\\u02c6\\u00b0\\u00e6\\u0153\\u20ac\\u00e9\\u00ab\\u02dc\\u00e7\\u0161\\u201e\\u00e6\\u0153\\u008d\\u00e5\\u0160\\u00a1\\u00e8\\u00b4\\u00a8\\u00e9\\u2021\\u008f\\u00e5\\u2019\\u0152\\u00e6\\u0153\\u20ac\\u00e5\\u00a4\\u00a7\\u00e7\\u0161\\u201e\\u00e5\\u00ba\\u201d\\u00e5\\u00be\\u2014\\u00e8\\u00b5\\u201d\\u00e5\\u0081\\u00bf \\u00e5\\u00a6\\u201a\\u00e6\\u017e\\u0153\\u00e4\\u00bd\\u00a0\\u00e5\\u0153\\u00a8\\u00e4\\u00ba\\u2039\\u00e6\\u2022\\u2026\\u00e4\\u00b8\\u00ad\\u00e5\\u008f\\u2014\\u00e4\\u00bc\\u00a4\\u00ef\\u00bc\\u0152\\u00e9\\u20ac\\u2030\\u00e6\\u2039\\u00a9\\u00e4\\u00b8\\u20ac\\u00e5\\u00ae\\u00b6\\u00e4\\u00bf\\u00a1\\u00e8\\u00aa\\u2030\\u00e5\\u008f\\u00af\\u00e9\\u009d\\u00a0\\u00e7\\u0161\\u201e\\u00e5\\u00be\\u2039\\u00e5\\u00b8\\u02c6\\u00e4\\u00ba\\u2039\\u00e5\\u0160\\u00a1\\u00e6\\u2030\\u20ac\\u00e6\\u02dc\\u00af\\u00e9\\u009d\\u017e\\u00e5\\u00b8\\u00b8\\u00e9\\u2021\\u008d\\u00e8\\u00a6\\u0081\\u00e3\\u20ac\\u201a\\u00e8\\u0081\\u201d\\u00e7\\u00bb\\u0153\\u00e6\\u02c6\\u2018\\u00e4\\u00bb\\u00ac\\u00e7\\u0161\\u201e\\u00e8\\u00b5\\u201e\\u00e6\\u00b7\\u00b1\\u00e5\\u00be\\u2039\\u00e5\\u00b8\\u02c6\\u00e5\\u203a\\u00a2\\u00e9\\u02dc\\u0178\\u00ef\\u00bc\\u0152\\u00e8\\u00ae\\u00b0\\u00e4\\u00bd\\u008f\\u00ef\\u00bc\\u0152\\u00e4\\u00bd\\u00a0\\u00e6\\u00b0\\u00b8\\u00e8\\u00bf\\u0153\\u00e4\\u00b8\\u008d\\u00e6\\u201d\\u00af\\u00e4\\u00bb\\u02dc\\u00e4\\u00bb\\u00bb\\u00e4\\u00bd\\u2022\\u00e8\\u00b4\\u00b9\\u00e7\\u201d\\u00a8\\u00ef\\u00bc\\u0152\\u00e9\\u2122\\u00a4\\u00e9\\u009d\\u017e\\u00e6\\u02c6\\u2018\\u00e4\\u00bb\\u00ac\\u00e6\\u201d\\u00b6\\u00e5\\u203a\\u017e\\u00e7\\u0161\\u201e\\u00e9\\u2019\\u00b1\\u00e7\\u00bb\\u2122\\u00e4\\u00bd\\u00a0\\u00e3\\u20ac\\u201a\\u00e6\\u201a\\u00a8\\u00e7\\u0161\\u201e\\u00e9\\u0153\\u20ac\\u00e6\\u00b1\\u201a\\u00e6\\u02dc\\u00af\\u00e6\\u02c6\\u2018\\u00e4\\u00bb\\u00ac\\u00e7\\u0161\\u201e\\u00e9\\u00a6\\u2013\\u00e8\\u00a6\\u0081\\u00e4\\u00bb\\u00bb\\u00e5\\u0160\\u00a1\\u00e3\\u20ac\\u201a\",\"breadcrumb\":{\"@id\":\"https:\/\/dev-grillo.wpbox.top\/zh-hans\/%e4%b8%9a%e5%8a%a1%e8%8c%83%e5%9b%b4\/#breadcrumb\"},\"inLanguage\":\"zh-CN\",\"potentialAction\":[{\"@type\":\"ReadAction\",\"target\":[\"https:\/\/dev-grillo.wpbox.top\/zh-hans\/%e4%b8%9a%e5%8a%a1%e8%8c%83%e5%9b%b4\/\"]}]},{\"@type\":\"BreadcrumbList\",\"@id\":\"https:\/\/dev-grillo.wpbox.top\/zh-hans\/%e4%b8%9a%e5%8a%a1%e8%8c%83%e5%9b%b4\/#breadcrumb\",\"itemListElement\":[{\"@type\":\"ListItem\",\"position\":1,\"name\":\"HOME\",\"item\":\"https:\/\/grillo.ca\/zh-hans\/\"},{\"@type\":\"ListItem\",\"position\":2,\"name\":\"\\u00e4\\u00b8\\u0161\\u00e5\\u0160\\u00a1\\u00e8\\u0152\\u0192\\u00e5\\u203a\\u00b4\"}]}]}<\/script>\n<!-- \/ Yoast SEO plugin. -->","yoast_head_json":{"title":"\u00e4\u00b8\u0161\u00e5\u0160\u00a1\u00e8\u0152\u0192\u00e5\u203a\u00b4 - Grillo Law Personal Injury Lawyers","description":"\u00e6\u02c6\u2018\u00e4\u00bb\u00ac\u00e7\u0161\u201e\u00e7\u00bb\u008f\u00e9\u00aa\u0152\u00e4\u00b8\u00b0\u00e5\u00af\u0152\u00e7\u0161\u201e\u00e4\u00b8\u201c\u00e4\u00b8\u0161\u00e8\u00af\u2030\u00e8\u00ae\u00bc\u00e5\u00be\u2039\u00e5\u00b8\u02c6\u00e5\u203a\u00a2\u00e9\u02dc\u0178\u00ef\u00bc\u0152\u00e7\u00a6\u008f\u00e5\u02c6\u00a9\u00e8\u00b5\u201d\u00e5\u0081\u00bf\u00e4\u00b8\u201c\u00e5\u00ae\u00b6\u00e5\u2019\u0152\u00e5\u2026\u00b6\u00e5\u00ae\u0192\u00e4\u00b8\u201c\u00e4\u00b8\u0161\u00e5\u2018\u02dc\u00e5\u00b7\u00a5\u00e9\u0192\u00bd\u00e8\u2021\u00b4\u00e5\u0160\u203a\u00e7\u00a1\u00ae\u00e4\u00bf\u009d\u00e6\u201a\u00a8\u00e5\u00be\u2014\u00e5\u02c6\u00b0\u00e6\u0153\u20ac\u00e9\u00ab\u02dc\u00e7\u0161\u201e\u00e6\u0153\u008d\u00e5\u0160\u00a1\u00e8\u00b4\u00a8\u00e9\u2021\u008f\u00e5\u2019\u0152\u00e6\u0153\u20ac\u00e5\u00a4\u00a7\u00e7\u0161\u201e\u00e5\u00ba\u201d\u00e5\u00be\u2014\u00e8\u00b5\u201d\u00e5\u0081\u00bf \u00e5\u00a6\u201a\u00e6\u017e\u0153\u00e4\u00bd\u00a0\u00e5\u0153\u00a8\u00e4\u00ba\u2039\u00e6\u2022\u2026\u00e4\u00b8\u00ad\u00e5\u008f\u2014\u00e4\u00bc\u00a4\u00ef\u00bc\u0152\u00e9\u20ac\u2030\u00e6\u2039\u00a9\u00e4\u00b8\u20ac\u00e5\u00ae\u00b6\u00e4\u00bf\u00a1\u00e8\u00aa\u2030\u00e5\u008f\u00af\u00e9\u009d\u00a0\u00e7\u0161\u201e\u00e5\u00be\u2039\u00e5\u00b8\u02c6\u00e4\u00ba\u2039\u00e5\u0160\u00a1\u00e6\u2030\u20ac\u00e6\u02dc\u00af\u00e9\u009d\u017e\u00e5\u00b8\u00b8\u00e9\u2021\u008d\u00e8\u00a6\u0081\u00e3\u20ac\u201a\u00e8\u0081\u201d\u00e7\u00bb\u0153\u00e6\u02c6\u2018\u00e4\u00bb\u00ac\u00e7\u0161\u201e\u00e8\u00b5\u201e\u00e6\u00b7\u00b1\u00e5\u00be\u2039\u00e5\u00b8\u02c6\u00e5\u203a\u00a2\u00e9\u02dc\u0178\u00ef\u00bc\u0152\u00e8\u00ae\u00b0\u00e4\u00bd\u008f\u00ef\u00bc\u0152\u00e4\u00bd\u00a0\u00e6\u00b0\u00b8\u00e8\u00bf\u0153\u00e4\u00b8\u008d\u00e6\u201d\u00af\u00e4\u00bb\u02dc\u00e4\u00bb\u00bb\u00e4\u00bd\u2022\u00e8\u00b4\u00b9\u00e7\u201d\u00a8\u00ef\u00bc\u0152\u00e9\u2122\u00a4\u00e9\u009d\u017e\u00e6\u02c6\u2018\u00e4\u00bb\u00ac\u00e6\u201d\u00b6\u00e5\u203a\u017e\u00e7\u0161\u201e\u00e9\u2019\u00b1\u00e7\u00bb\u2122\u00e4\u00bd\u00a0\u00e3\u20ac\u201a\u00e6\u201a\u00a8\u00e7\u0161\u201e\u00e9\u0153\u20ac\u00e6\u00b1\u201a\u00e6\u02dc\u00af\u00e6\u02c6\u2018\u00e4\u00bb\u00ac\u00e7\u0161\u201e\u00e9\u00a6\u2013\u00e8\u00a6\u0081\u00e4\u00bb\u00bb\u00e5\u0160\u00a1\u00e3\u20ac\u201a","robots":{"index":"index","follow":"follow","max-snippet":"max-snippet:-1","max-image-preview":"max-image-preview:large","max-video-preview":"max-video-preview:-1"},"canonical":"https:\/\/dev-grillo.wpbox.top\/zh-hans\/\u4e1a\u52a1\u8303\u56f4\/","og_locale":"zh_CN","og_type":"article","og_title":"\u00e4\u00b8\u0161\u00e5\u0160\u00a1\u00e8\u0152\u0192\u00e5\u203a\u00b4 - Grillo Law Personal Injury Lawyers","og_description":"\u00e6\u02c6\u2018\u00e4\u00bb\u00ac\u00e7\u0161\u201e\u00e7\u00bb\u008f\u00e9\u00aa\u0152\u00e4\u00b8\u00b0\u00e5\u00af\u0152\u00e7\u0161\u201e\u00e4\u00b8\u201c\u00e4\u00b8\u0161\u00e8\u00af\u2030\u00e8\u00ae\u00bc\u00e5\u00be\u2039\u00e5\u00b8\u02c6\u00e5\u203a\u00a2\u00e9\u02dc\u0178\u00ef\u00bc\u0152\u00e7\u00a6\u008f\u00e5\u02c6\u00a9\u00e8\u00b5\u201d\u00e5\u0081\u00bf\u00e4\u00b8\u201c\u00e5\u00ae\u00b6\u00e5\u2019\u0152\u00e5\u2026\u00b6\u00e5\u00ae\u0192\u00e4\u00b8\u201c\u00e4\u00b8\u0161\u00e5\u2018\u02dc\u00e5\u00b7\u00a5\u00e9\u0192\u00bd\u00e8\u2021\u00b4\u00e5\u0160\u203a\u00e7\u00a1\u00ae\u00e4\u00bf\u009d\u00e6\u201a\u00a8\u00e5\u00be\u2014\u00e5\u02c6\u00b0\u00e6\u0153\u20ac\u00e9\u00ab\u02dc\u00e7\u0161\u201e\u00e6\u0153\u008d\u00e5\u0160\u00a1\u00e8\u00b4\u00a8\u00e9\u2021\u008f\u00e5\u2019\u0152\u00e6\u0153\u20ac\u00e5\u00a4\u00a7\u00e7\u0161\u201e\u00e5\u00ba\u201d\u00e5\u00be\u2014\u00e8\u00b5\u201d\u00e5\u0081\u00bf \u00e5\u00a6\u201a\u00e6\u017e\u0153\u00e4\u00bd\u00a0\u00e5\u0153\u00a8\u00e4\u00ba\u2039\u00e6\u2022\u2026\u00e4\u00b8\u00ad\u00e5\u008f\u2014\u00e4\u00bc\u00a4\u00ef\u00bc\u0152\u00e9\u20ac\u2030\u00e6\u2039\u00a9\u00e4\u00b8\u20ac\u00e5\u00ae\u00b6\u00e4\u00bf\u00a1\u00e8\u00aa\u2030\u00e5\u008f\u00af\u00e9\u009d\u00a0\u00e7\u0161\u201e\u00e5\u00be\u2039\u00e5\u00b8\u02c6\u00e4\u00ba\u2039\u00e5\u0160\u00a1\u00e6\u2030\u20ac\u00e6\u02dc\u00af\u00e9\u009d\u017e\u00e5\u00b8\u00b8\u00e9\u2021\u008d\u00e8\u00a6\u0081\u00e3\u20ac\u201a\u00e8\u0081\u201d\u00e7\u00bb\u0153\u00e6\u02c6\u2018\u00e4\u00bb\u00ac\u00e7\u0161\u201e\u00e8\u00b5\u201e\u00e6\u00b7\u00b1\u00e5\u00be\u2039\u00e5\u00b8\u02c6\u00e5\u203a\u00a2\u00e9\u02dc\u0178\u00ef\u00bc\u0152\u00e8\u00ae\u00b0\u00e4\u00bd\u008f\u00ef\u00bc\u0152\u00e4\u00bd\u00a0\u00e6\u00b0\u00b8\u00e8\u00bf\u0153\u00e4\u00b8\u008d\u00e6\u201d\u00af\u00e4\u00bb\u02dc\u00e4\u00bb\u00bb\u00e4\u00bd\u2022\u00e8\u00b4\u00b9\u00e7\u201d\u00a8\u00ef\u00bc\u0152\u00e9\u2122\u00a4\u00e9\u009d\u017e\u00e6\u02c6\u2018\u00e4\u00bb\u00ac\u00e6\u201d\u00b6\u00e5\u203a\u017e\u00e7\u0161\u201e\u00e9\u2019\u00b1\u00e7\u00bb\u2122\u00e4\u00bd\u00a0\u00e3\u20ac\u201a\u00e6\u201a\u00a8\u00e7\u0161\u201e\u00e9\u0153\u20ac\u00e6\u00b1\u201a\u00e6\u02dc\u00af\u00e6\u02c6\u2018\u00e4\u00bb\u00ac\u00e7\u0161\u201e\u00e9\u00a6\u2013\u00e8\u00a6\u0081\u00e4\u00bb\u00bb\u00e5\u0160\u00a1\u00e3\u20ac\u201a","og_url":"https:\/\/dev-grillo.wpbox.top\/zh-hans\/\u4e1a\u52a1\u8303\u56f4\/","og_site_name":"Grillo Law Personal Injury Lawyers","article_publisher":"https:\/\/www.facebook.com\/GrilloBarristers\/","article_modified_time":"2023-04-09T14:53:26+00:00","twitter_card":"summary","twitter_site":"@GrilloPC","schema":{"@context":"https:\/\/schema.org","@graph":[{"@type":"WebSite","@id":"https:\/\/dev-grillo.wpbox.top\/zh-hans\/#website","url":"https:\/\/dev-grillo.wpbox.top\/zh-hans\/","name":"Grillo Law Personal Injury Lawyers","description":"Grillo Law Personal Injury Lawyers","potentialAction":[{"@type":"SearchAction","target":{"@type":"EntryPoint","urlTemplate":"https:\/\/dev-grillo.wpbox.top\/zh-hans\/?s={search_term_string}"},"query-input":"required name=search_term_string"}],"inLanguage":"zh-CN"},{"@type":"WebPage","@id":"https:\/\/dev-grillo.wpbox.top\/zh-hans\/%e4%b8%9a%e5%8a%a1%e8%8c%83%e5%9b%b4\/#webpage","url":"https:\/\/dev-grillo.wpbox.top\/zh-hans\/%e4%b8%9a%e5%8a%a1%e8%8c%83%e5%9b%b4\/","name":"\u00e4\u00b8\u0161\u00e5\u0160\u00a1\u00e8\u0152\u0192\u00e5\u203a\u00b4 - Grillo Law Personal Injury Lawyers","isPartOf":{"@id":"https:\/\/dev-grillo.wpbox.top\/zh-hans\/#website"},"datePublished":"2016-03-01T07:26:26+00:00","dateModified":"2023-04-09T14:53:26+00:00","description":"\u00e6\u02c6\u2018\u00e4\u00bb\u00ac\u00e7\u0161\u201e\u00e7\u00bb\u008f\u00e9\u00aa\u0152\u00e4\u00b8\u00b0\u00e5\u00af\u0152\u00e7\u0161\u201e\u00e4\u00b8\u201c\u00e4\u00b8\u0161\u00e8\u00af\u2030\u00e8\u00ae\u00bc\u00e5\u00be\u2039\u00e5\u00b8\u02c6\u00e5\u203a\u00a2\u00e9\u02dc\u0178\u00ef\u00bc\u0152\u00e7\u00a6\u008f\u00e5\u02c6\u00a9\u00e8\u00b5\u201d\u00e5\u0081\u00bf\u00e4\u00b8\u201c\u00e5\u00ae\u00b6\u00e5\u2019\u0152\u00e5\u2026\u00b6\u00e5\u00ae\u0192\u00e4\u00b8\u201c\u00e4\u00b8\u0161\u00e5\u2018\u02dc\u00e5\u00b7\u00a5\u00e9\u0192\u00bd\u00e8\u2021\u00b4\u00e5\u0160\u203a\u00e7\u00a1\u00ae\u00e4\u00bf\u009d\u00e6\u201a\u00a8\u00e5\u00be\u2014\u00e5\u02c6\u00b0\u00e6\u0153\u20ac\u00e9\u00ab\u02dc\u00e7\u0161\u201e\u00e6\u0153\u008d\u00e5\u0160\u00a1\u00e8\u00b4\u00a8\u00e9\u2021\u008f\u00e5\u2019\u0152\u00e6\u0153\u20ac\u00e5\u00a4\u00a7\u00e7\u0161\u201e\u00e5\u00ba\u201d\u00e5\u00be\u2014\u00e8\u00b5\u201d\u00e5\u0081\u00bf \u00e5\u00a6\u201a\u00e6\u017e\u0153\u00e4\u00bd\u00a0\u00e5\u0153\u00a8\u00e4\u00ba\u2039\u00e6\u2022\u2026\u00e4\u00b8\u00ad\u00e5\u008f\u2014\u00e4\u00bc\u00a4\u00ef\u00bc\u0152\u00e9\u20ac\u2030\u00e6\u2039\u00a9\u00e4\u00b8\u20ac\u00e5\u00ae\u00b6\u00e4\u00bf\u00a1\u00e8\u00aa\u2030\u00e5\u008f\u00af\u00e9\u009d\u00a0\u00e7\u0161\u201e\u00e5\u00be\u2039\u00e5\u00b8\u02c6\u00e4\u00ba\u2039\u00e5\u0160\u00a1\u00e6\u2030\u20ac\u00e6\u02dc\u00af\u00e9\u009d\u017e\u00e5\u00b8\u00b8\u00e9\u2021\u008d\u00e8\u00a6\u0081\u00e3\u20ac\u201a\u00e8\u0081\u201d\u00e7\u00bb\u0153\u00e6\u02c6\u2018\u00e4\u00bb\u00ac\u00e7\u0161\u201e\u00e8\u00b5\u201e\u00e6\u00b7\u00b1\u00e5\u00be\u2039\u00e5\u00b8\u02c6\u00e5\u203a\u00a2\u00e9\u02dc\u0178\u00ef\u00bc\u0152\u00e8\u00ae\u00b0\u00e4\u00bd\u008f\u00ef\u00bc\u0152\u00e4\u00bd\u00a0\u00e6\u00b0\u00b8\u00e8\u00bf\u0153\u00e4\u00b8\u008d\u00e6\u201d\u00af\u00e4\u00bb\u02dc\u00e4\u00bb\u00bb\u00e4\u00bd\u2022\u00e8\u00b4\u00b9\u00e7\u201d\u00a8\u00ef\u00bc\u0152\u00e9\u2122\u00a4\u00e9\u009d\u017e\u00e6\u02c6\u2018\u00e4\u00bb\u00ac\u00e6\u201d\u00b6\u00e5\u203a\u017e\u00e7\u0161\u201e\u00e9\u2019\u00b1\u00e7\u00bb\u2122\u00e4\u00bd\u00a0\u00e3\u20ac\u201a\u00e6\u201a\u00a8\u00e7\u0161\u201e\u00e9\u0153\u20ac\u00e6\u00b1\u201a\u00e6\u02dc\u00af\u00e6\u02c6\u2018\u00e4\u00bb\u00ac\u00e7\u0161\u201e\u00e9\u00a6\u2013\u00e8\u00a6\u0081\u00e4\u00bb\u00bb\u00e5\u0160\u00a1\u00e3\u20ac\u201a","breadcrumb":{"@id":"https:\/\/dev-grillo.wpbox.top\/zh-hans\/%e4%b8%9a%e5%8a%a1%e8%8c%83%e5%9b%b4\/#breadcrumb"},"inLanguage":"zh-CN","potentialAction":[{"@type":"ReadAction","target":["https:\/\/dev-grillo.wpbox.top\/zh-hans\/%e4%b8%9a%e5%8a%a1%e8%8c%83%e5%9b%b4\/"]}]},{"@type":"BreadcrumbList","@id":"https:\/\/dev-grillo.wpbox.top\/zh-hans\/%e4%b8%9a%e5%8a%a1%e8%8c%83%e5%9b%b4\/#breadcrumb","itemListElement":[{"@type":"ListItem","position":1,"name":"HOME","item":"https:\/\/grillo.ca\/zh-hans\/"},{"@type":"ListItem","position":2,"name":"\u00e4\u00b8\u0161\u00e5\u0160\u00a1\u00e8\u0152\u0192\u00e5\u203a\u00b4"}]}]}},"_links":{"self":[{"href":"https:\/\/dev-grillo.wpbox.top\/zh-hans\/wp-json\/wp\/v2\/pages\/1523"}],"collection":[{"href":"https:\/\/dev-grillo.wpbox.top\/zh-hans\/wp-json\/wp\/v2\/pages"}],"about":[{"href":"https:\/\/dev-grillo.wpbox.top\/zh-hans\/wp-json\/wp\/v2\/types\/page"}],"author":[{"embeddable":true,"href":"https:\/\/dev-grillo.wpbox.top\/zh-hans\/wp-json\/wp\/v2\/users\/8"}],"replies":[{"embeddable":true,"href":"https:\/\/dev-grillo.wpbox.top\/zh-hans\/wp-json\/wp\/v2\/comments?post=1523"}],"version-history":[{"count":1,"href":"https:\/\/dev-grillo.wpbox.top\/zh-hans\/wp-json\/wp\/v2\/pages\/1523\/revisions"}],"predecessor-version":[{"id":8011,"href":"https:\/\/dev-grillo.wpbox.top\/zh-hans\/wp-json\/wp\/v2\/pages\/1523\/revisions\/8011"}],"wp:attachment":[{"href":"https:\/\/dev-grillo.wpbox.top\/zh-hans\/wp-json\/wp\/v2\/media?parent=1523"}],"curies":[{"name":"wp","href":"https:\/\/api.w.org\/{rel}","templated":true}]}}